{"id":625,"date":"2025-12-23T13:17:45","date_gmt":"2025-12-23T13:17:45","guid":{"rendered":"https:\/\/true-leadership.com\/blog\/"},"modified":"2026-02-07T12:23:16","modified_gmt":"2026-02-07T12:23:16","slug":"blog","status":"publish","type":"page","link":"https:\/\/true-leadership.com\/de\/blog\/","title":{"rendered":"Blog"},"content":{"rendered":"<p>[et_pb_section fb_built=&#8220;1&#8243; admin_label=&#8220;section&#8220; _builder_version=&#8220;4.16&#8243; custom_padding=&#8220;80px||33px|||&#8220; custom_padding_tablet=&#8220;80px||80px|&#8220; transparent_background=&#8220;off&#8220; padding_mobile=&#8220;on&#8220; global_colors_info=&#8220;{}&#8220;][et_pb_row admin_label=&#8220;Reihe&#8220; _builder_version=&#8220;4.16&#8243; background_size=&#8220;initial&#8220; background_position=&#8220;top_left&#8220; background_repeat=&#8220;repeat&#8220; global_colors_info=&#8220;{}&#8220;][et_pb_column type=&#8220;4_4&#8243; _builder_version=&#8220;4.16&#8243; custom_padding=&#8220;|||&#8220; global_colors_info=&#8220;{}&#8220; custom_padding__hover=&#8220;|||&#8220;][et_pb_blog posts_number=&#8220;3&#8243; show_author=&#8220;off&#8220; show_categories=&#8220;off&#8220; use_overlay=&#8220;on&#8220; overlay_icon_color=&#8220;#ffffff&#8220; hover_overlay_color=&#8220;rgba(0,0,0,0.33)&#8220; hover_icon=&#8220;L||divi||400&#8243; admin_label=&#8220;Blog&#8220; module_id=&#8220;blogPage&#8220; _builder_version=&#8220;4.16&#8243; header_font_size=&#8220;30&#8243; header_letter_spacing=&#8220;2px&#8220; meta_font=&#8220;||on||&#8220; meta_font_size=&#8220;16&#8243; use_border_color=&#8220;off&#8220; border_color=&#8220;#ffffff&#8220; border_style=&#8220;solid&#8220; use_dropshadow=&#8220;off&#8220; global_colors_info=&#8220;{}&#8220;] [\/et_pb_blog][\/et_pb_column][\/et_pb_row][\/et_pb_section][et_pb_section fb_built=&#8220;1&#8243; _builder_version=&#8220;4.27.5&#8243; _module_preset=&#8220;default&#8220; global_colors_info=&#8220;{}&#8220;][et_pb_row _builder_version=&#8220;4.27.5&#8243; _module_preset=&#8220;default&#8220; column_structure=&#8220;1_2,1_2&#8243;][et_pb_column _builder_version=&#8220;4.27.5&#8243; _module_preset=&#8220;default&#8220; type=&#8220;1_2&#8243;][et_pb_code _builder_version=&#8220;4.27.5&#8243; _module_preset=&#8220;default&#8220; global_colors_info=&#8220;{}&#8220;]<iframe src=\"https:\/\/arvidbuit.substack.com\/embed\" width=\"480\" height=\"520\" style=\"border:1px solid #EEE; background:white;\" frameborder=\"0\" scrolling=\"no\"><\/iframe>[\/et_pb_code][\/et_pb_column][et_pb_column _builder_version=&#8220;4.27.5&#8243; _module_preset=&#8220;default&#8220; type=&#8220;1_2&#8243;][et_pb_code _builder_version=&#8220;4.27.5&#8243; _module_preset=&#8220;default&#8220; hover_enabled=&#8220;0&#8243; global_colors_info=&#8220;{}&#8220; sticky_enabled=&#8220;0&#8243;]<\/p>\n<div class=\"substack-post-embed\"><pee lang=\"en\">Autorit\u00e4t versus Legitimit\u00e4t von Arvid Buit<\/pee><pee>Wenn Autorit\u00e4t \u00fcberlebt, aber Legitimit\u00e4t zusammenbricht<\/pee><a data-post-link=\"\" href=\"https:\/\/arvidbuit.substack.com\/p\/authority-versus-legitimacy\">Auf Substack lesen<\/a><\/div>\n<p><script async=\"\" src=\"https:\/\/substack.com\/embedjs\/embed.js\" charset=\"utf-8\"><\/script>[\/et_pb_code][\/et_pb_column][\/et_pb_row][\/et_pb_section]<\/p>\n","protected":false},"excerpt":{"rendered":"","protected":false},"author":1,"featured_media":0,"parent":0,"menu_order":0,"comment_status":"closed","ping_status":"closed","template":"","meta":{"_et_pb_use_builder":"on","_et_pb_old_content":"","_et_gb_content_width":"","footnotes":""},"class_list":["post-625","page","type-page","status-publish","hentry"],"yoast_head":"<!-- This site is optimized with the Yoast SEO Premium plugin v27.1 (Yoast SEO v27.4) - https:\/\/yoast.com\/product\/yoast-seo-premium-wordpress\/ -->\n<title>Blog - TRUE Leadership<\/title>\n<meta name=\"robots\" content=\"index, follow, max-snippet:-1, max-image-preview:large, max-video-preview:-1\" \/>\n<link rel=\"canonical\" href=\"https:\/\/true-leadership.com\/de\/blog\/\" \/>\n<meta property=\"og:locale\" content=\"de_DE\" \/>\n<meta property=\"og:type\" content=\"article\" \/>\n<meta property=\"og:title\" content=\"Blog True Leadership - Executive Coaching for C-suite Leaders\" \/>\n<meta property=\"og:description\" content=\"The nr. 1 executive coaching firm in Europe. Changing psychological insights for senior leaders and board members around the globe. CEO is Arvid Buit, expert and author of Let&#039;s Talk Leadership.\" \/>\n<meta property=\"og:url\" content=\"https:\/\/true-leadership.com\/de\/blog\/\" \/>\n<meta property=\"og:site_name\" content=\"TRUE Leadership\" \/>\n<meta property=\"article:modified_time\" content=\"2026-02-07T12:23:16+00:00\" \/>\n<meta property=\"og:image\" content=\"https:\/\/true-leadership.com\/wp-content\/uploads\/2025\/12\/Screenshot-2025-12-24-at-15.21.04-scaled.png\" \/>\n\t<meta property=\"og:image:width\" content=\"2560\" \/>\n\t<meta property=\"og:image:height\" content=\"1247\" \/>\n\t<meta property=\"og:image:type\" content=\"image\/png\" \/>\n<meta name=\"twitter:card\" content=\"summary_large_image\" \/>\n<meta name=\"twitter:label1\" content=\"Gesch\u00e4tzte Lesezeit\" \/>\n\t<meta name=\"twitter:data1\" content=\"1\u00a0Minute\" \/>\n<script type=\"application\/ld+json\" class=\"yoast-schema-graph\">{\"@context\":\"https:\\\/\\\/schema.org\",\"@graph\":[{\"@type\":\"WebPage\",\"@id\":\"https:\\\/\\\/true-leadership.com\\\/de\\\/blog\\\/\",\"url\":\"https:\\\/\\\/true-leadership.com\\\/de\\\/blog\\\/\",\"name\":\"Blog - TRUE Leadership\",\"isPartOf\":{\"@id\":\"https:\\\/\\\/true-leadership.com\\\/de\\\/#website\"},\"datePublished\":\"2025-12-23T13:17:45+00:00\",\"dateModified\":\"2026-02-07T12:23:16+00:00\",\"breadcrumb\":{\"@id\":\"https:\\\/\\\/true-leadership.com\\\/de\\\/blog\\\/#breadcrumb\"},\"inLanguage\":\"de\",\"potentialAction\":[{\"@type\":\"ReadAction\",\"target\":[\"https:\\\/\\\/true-leadership.com\\\/de\\\/blog\\\/\"]}]},{\"@type\":\"BreadcrumbList\",\"@id\":\"https:\\\/\\\/true-leadership.com\\\/de\\\/blog\\\/#breadcrumb\",\"itemListElement\":[{\"@type\":\"ListItem\",\"position\":1,\"name\":\"Home\",\"item\":\"https:\\\/\\\/true-leadership.com\\\/de\\\/home\\\/\"},{\"@type\":\"ListItem\",\"position\":2,\"name\":\"Blog\"}]},{\"@type\":\"WebSite\",\"@id\":\"https:\\\/\\\/true-leadership.com\\\/de\\\/#website\",\"url\":\"https:\\\/\\\/true-leadership.com\\\/de\\\/\",\"name\":\"TRUE Leadership\",\"description\":\"Leadership development and executive coaching\",\"publisher\":{\"@id\":\"https:\\\/\\\/true-leadership.com\\\/de\\\/#organization\"},\"potentialAction\":[{\"@type\":\"SearchAction\",\"target\":{\"@type\":\"EntryPoint\",\"urlTemplate\":\"https:\\\/\\\/true-leadership.com\\\/de\\\/?s={search_term_string}\"},\"query-input\":{\"@type\":\"PropertyValueSpecification\",\"valueRequired\":true,\"valueName\":\"search_term_string\"}}],\"inLanguage\":\"de\"},{\"@type\":[\"Organization\",\"ProfessionalService\"],\"@id\":\"https:\\\/\\\/true-leadership.com\\\/de\\\/#organization\",\"name\":\"WAHRE F\u00fchrung\",\"url\":\"https:\\\/\\\/true-leadership.com\\\/de\\\/\",\"logo\":{\"@type\":\"ImageObject\",\"inLanguage\":\"de\",\"@id\":\"https:\\\/\\\/true-leadership.com\\\/de\\\/#\\\/schema\\\/logo\\\/image\\\/\",\"url\":\"https:\\\/\\\/true-leadership.com\\\/wp-content\\\/uploads\\\/2025\\\/12\\\/cropped-Screenshot-2025-12-23-at-14.20.48.png\",\"contentUrl\":\"https:\\\/\\\/true-leadership.com\\\/wp-content\\\/uploads\\\/2025\\\/12\\\/cropped-Screenshot-2025-12-23-at-14.20.48.png\",\"width\":512,\"height\":512,\"caption\":\"WAHRE F\u00fchrung\"},\"image\":{\"@id\":\"https:\\\/\\\/true-leadership.com\\\/de\\\/#\\\/schema\\\/logo\\\/image\\\/\"},\"sameAs\":[\"https:\\\/\\\/www.instagram.com\\\/letstalkleadership2025\\\/\",\"https:\\\/\\\/www.linkedin.com\\\/in\\\/arvidbuit\\\/\"],\"foundingDate\":\"2009-03-04\",\"founder\":{\"@type\":\"Person\",\"name\":\"Arvid Buit\",\"jobTitle\":\"Executive Coach & Founder\",\"url\":\"https:\\\/\\\/true-leadership.com\\\/\"},\"areaServed\":[{\"@type\":\"Place\",\"name\":\"Europe\"},{\"@type\":\"Place\",\"name\":\"Global\"}],\"knowsAbout\":[\"Executive Coaching\",\"Leadership Development\",\"C-Suite Coaching\",\"Corporate Leadership\",\"Strategic Thinking\",\"Authority and Legitimacy\"],\"hasOfferCatalog\":{\"@type\":\"OfferCatalog\",\"name\":\"Executive Coaching Services\",\"itemListElement\":[{\"@type\":\"Offer\",\"itemOffered\":{\"@type\":\"Service\",\"name\":\"Executive Coaching\",\"description\":\"Personalized executive coaching for C-suite leaders and senior executives.\"}},{\"@type\":\"Offer\",\"itemOffered\":{\"@type\":\"Service\",\"name\":\"Leadership Development\",\"description\":\"Strategic leadership development programs for corporate environments.\"}}]},\"address\":{\"@type\":\"PostalAddress\",\"addressLocality\":\"Amsterdam\",\"addressRegion\":\"North Holland\",\"addressCountry\":\"NL\"},\"priceRange\":\"Premium\",\"description\":\"TRUE Leadership - The nr. 1 executive coaching firm in Europe, working globally to help c-suite leaders.\",\"email\":\"office@true-leadership.com\",\"telephone\":\"+31630412043\",\"legalName\":\"TRUE Leadership\",\"vatID\":\"NL001434118B25\",\"taxID\":\"56187572\",\"numberOfEmployees\":{\"@type\":\"QuantitativeValue\",\"minValue\":\"1\",\"maxValue\":\"10\"}}]}<\/script>\n<!-- \/ Yoast SEO Premium plugin. -->","yoast_head_json":{"title":"Blog - TRUE Leadership","robots":{"index":"index","follow":"follow","max-snippet":"max-snippet:-1","max-image-preview":"max-image-preview:large","max-video-preview":"max-video-preview:-1"},"canonical":"https:\/\/true-leadership.com\/de\/blog\/","og_locale":"de_DE","og_type":"article","og_title":"Blog True Leadership - Executive Coaching for C-suite Leaders","og_description":"The nr. 1 executive coaching firm in Europe. Changing psychological insights for senior leaders and board members around the globe. CEO is Arvid Buit, expert and author of Let's Talk Leadership.","og_url":"https:\/\/true-leadership.com\/de\/blog\/","og_site_name":"TRUE Leadership","article_modified_time":"2026-02-07T12:23:16+00:00","og_image":[{"width":2560,"height":1247,"url":"https:\/\/true-leadership.com\/wp-content\/uploads\/2025\/12\/Screenshot-2025-12-24-at-15.21.04-scaled.png","type":"image\/png"}],"twitter_card":"summary_large_image","twitter_misc":{"Gesch\u00e4tzte Lesezeit":"1\u00a0Minute"},"schema":{"@context":"https:\/\/schema.org","@graph":[{"@type":"WebPage","@id":"https:\/\/true-leadership.com\/de\/blog\/","url":"https:\/\/true-leadership.com\/de\/blog\/","name":"Blog - TRUE Leadership","isPartOf":{"@id":"https:\/\/true-leadership.com\/de\/#website"},"datePublished":"2025-12-23T13:17:45+00:00","dateModified":"2026-02-07T12:23:16+00:00","breadcrumb":{"@id":"https:\/\/true-leadership.com\/de\/blog\/#breadcrumb"},"inLanguage":"de","potentialAction":[{"@type":"ReadAction","target":["https:\/\/true-leadership.com\/de\/blog\/"]}]},{"@type":"BreadcrumbList","@id":"https:\/\/true-leadership.com\/de\/blog\/#breadcrumb","itemListElement":[{"@type":"ListItem","position":1,"name":"Home","item":"https:\/\/true-leadership.com\/de\/home\/"},{"@type":"ListItem","position":2,"name":"Blog"}]},{"@type":"WebSite","@id":"https:\/\/true-leadership.com\/de\/#website","url":"https:\/\/true-leadership.com\/de\/","name":"TRUE Leadership","description":"Leadership development and executive coaching","publisher":{"@id":"https:\/\/true-leadership.com\/de\/#organization"},"potentialAction":[{"@type":"SearchAction","target":{"@type":"EntryPoint","urlTemplate":"https:\/\/true-leadership.com\/de\/?s={search_term_string}"},"query-input":{"@type":"PropertyValueSpecification","valueRequired":true,"valueName":"search_term_string"}}],"inLanguage":"de"},{"@type":["Organization","ProfessionalService"],"@id":"https:\/\/true-leadership.com\/de\/#organization","name":"WAHRE F\u00fchrung","url":"https:\/\/true-leadership.com\/de\/","logo":{"@type":"ImageObject","inLanguage":"de","@id":"https:\/\/true-leadership.com\/de\/#\/schema\/logo\/image\/","url":"https:\/\/true-leadership.com\/wp-content\/uploads\/2025\/12\/cropped-Screenshot-2025-12-23-at-14.20.48.png","contentUrl":"https:\/\/true-leadership.com\/wp-content\/uploads\/2025\/12\/cropped-Screenshot-2025-12-23-at-14.20.48.png","width":512,"height":512,"caption":"WAHRE F\u00fchrung"},"image":{"@id":"https:\/\/true-leadership.com\/de\/#\/schema\/logo\/image\/"},"sameAs":["https:\/\/www.instagram.com\/letstalkleadership2025\/","https:\/\/www.linkedin.com\/in\/arvidbuit\/"],"foundingDate":"2009-03-04","founder":{"@type":"Person","name":"Arvid Buit","jobTitle":"Executive Coach & Founder","url":"https:\/\/true-leadership.com\/"},"areaServed":[{"@type":"Place","name":"Europe"},{"@type":"Place","name":"Global"}],"knowsAbout":["Executive Coaching","Leadership Development","C-Suite Coaching","Corporate Leadership","Strategic Thinking","Authority and Legitimacy"],"hasOfferCatalog":{"@type":"OfferCatalog","name":"Executive Coaching Services","itemListElement":[{"@type":"Offer","itemOffered":{"@type":"Service","name":"Executive Coaching","description":"Personalized executive coaching for C-suite leaders and senior executives."}},{"@type":"Offer","itemOffered":{"@type":"Service","name":"Leadership Development","description":"Strategic leadership development programs for corporate environments."}}]},"address":{"@type":"PostalAddress","addressLocality":"Amsterdam","addressRegion":"North Holland","addressCountry":"NL"},"priceRange":"Premium","description":"TRUE Leadership - The nr. 1 executive coaching firm in Europe, working globally to help c-suite leaders.","email":"office@true-leadership.com","telephone":"+31630412043","legalName":"TRUE Leadership","vatID":"NL001434118B25","taxID":"56187572","numberOfEmployees":{"@type":"QuantitativeValue","minValue":"1","maxValue":"10"}}]}},"_links":{"self":[{"href":"https:\/\/true-leadership.com\/de\/wp-json\/wp\/v2\/pages\/625","targetHints":{"allow":["GET"]}}],"collection":[{"href":"https:\/\/true-leadership.com\/de\/wp-json\/wp\/v2\/pages"}],"about":[{"href":"https:\/\/true-leadership.com\/de\/wp-json\/wp\/v2\/types\/page"}],"author":[{"embeddable":true,"href":"https:\/\/true-leadership.com\/de\/wp-json\/wp\/v2\/users\/1"}],"replies":[{"embeddable":true,"href":"https:\/\/true-leadership.com\/de\/wp-json\/wp\/v2\/comments?post=625"}],"version-history":[{"count":2,"href":"https:\/\/true-leadership.com\/de\/wp-json\/wp\/v2\/pages\/625\/revisions"}],"predecessor-version":[{"id":627,"href":"https:\/\/true-leadership.com\/de\/wp-json\/wp\/v2\/pages\/625\/revisions\/627"}],"wp:attachment":[{"href":"https:\/\/true-leadership.com\/de\/wp-json\/wp\/v2\/media?parent=625"}],"curies":[{"name":"wp","href":"https:\/\/api.w.org\/{rel}","templated":true}]}}